{"id":180,"date":"2020-06-07T10:38:16","date_gmt":"2020-06-07T10:38:16","guid":{"rendered":"http:\/\/flensrekord.de\/?page_id=180"},"modified":"2020-06-13T07:57:11","modified_gmt":"2020-06-13T07:57:11","slug":"erstes-rostproblem","status":"publish","type":"page","link":"https:\/\/flensrekord.de\/?page_id=180","title":{"rendered":"Erstes Rostproblem"},"content":{"rendered":"\n<p>2019 war auch das Jahr der Sch\u00f6nheitsreparaturen. Beim Autowaschen stellte ich an der hinteren Sto\u00dfstange leichte Rostblasen fest und hoffte, dass es nur Rost an der Oberfl\u00e4che sei&#8230;  <\/p>\n\n\n\n<div class=\"wp-block-image\"><figure class=\"aligncenter size-large is-resized\"><img loading=\"lazy\" decoding=\"async\" src=\"http:\/\/flensrekord.de\/wp-content\/uploads\/2020\/06\/20181229_133549_IMG_2202-scaled-e1591522982901-1024x768.jpg\" alt=\"\" class=\"wp-image-173\" width=\"563\" height=\"422\" srcset=\"https:\/\/flensrekord.de\/wp-content\/uploads\/2020\/06\/20181229_133549_IMG_2202-scaled-e1591522982901-1024x768.jpg 1024w, https:\/\/flensrekord.de\/wp-content\/uploads\/2020\/06\/20181229_133549_IMG_2202-scaled-e1591522982901-300x225.jpg 300w, https:\/\/flensrekord.de\/wp-content\/uploads\/2020\/06\/20181229_133549_IMG_2202-scaled-e1591522982901-768x576.jpg 768w, https:\/\/flensrekord.de\/wp-content\/uploads\/2020\/06\/20181229_133549_IMG_2202-scaled-e1591522982901-1536x1152.jpg 1536w, https:\/\/flensrekord.de\/wp-content\/uploads\/2020\/06\/20181229_133549_IMG_2202-scaled-e1591522982901-2048x1536.jpg 2048w\" sizes=\"(max-width: 563px) 100vw, 563px\" \/><figcaption>Rostdurchbruch an der Sto\u00dfstange hinten<\/figcaption><\/figure><\/div>\n\n\n\n<p>Leider durfte ich feststellen, dass der Rost sich bereits durch das Blech gefressen hatte. Da ich kein gro\u00dfer Freund von Spachteln bin, habe ich mich entschlossen einen sehr guten Freund zur Hilfe zur holen, der mir diese Stelle gekonnt ausarbeitet und ein neues Blech pass genau wieder einsetzt und verschwei\u00dft. <\/p>\n\n\n\n<p>Die passende Farbe habe ich bei <a rel=\"noreferrer noopener\" href=\"https:\/\/www.weiss-lackierung.de\/\" target=\"_blank\">Lackiererei WEISS<\/a> in Flensburg bekommen. Auch wenn ich den Farbcode von Opel ausfindig machen konnte, teilten mir die Mitarbeiter von Lackiererei WEISS mit, dass ich am Besten zum Lacktest mit dem Fahrzeug vorbeikommen kann, damit \u00fcberpr\u00fcft wird, ob der Lack nach einiger Zeit nicht ausgeblichen ist oder andere Verf\u00e4rbungen entstanden sind. <br><br>Ich bin also mit dem Fahrzeug zu WEISS gefahren und die nette Dame am Empfang hat mich direkt an einen kompetenten Kollegen verwiesen, der sich mit mir am Fahrzeug getroffen hat. Er wusste bereits Bescheid und hat sich den Lack erstmal angeschaut. Auch wenn dieser noch in einem sehr guten Zustand ist, hat er eine Lackprobe genommen und konnte mit dieser Probe die genaue Farbzusammenstellung ermitteln und mir den passenden Lack zusammenmischen. <br>Alles in allem dauerte dieser Termin 30 Minuten und ich hatte genau das, was ich wollte: Meine Farbe und einen Kontakt zur einer Lackiererei in Flensburg. <\/p>\n\n\n\n<div class=\"wp-block-image\"><figure class=\"aligncenter size-large is-resized\"><img loading=\"lazy\" decoding=\"async\" src=\"http:\/\/flensrekord.de\/wp-content\/uploads\/2020\/06\/20200607_122137-1024x474.jpg\" alt=\"\" class=\"wp-image-188\" width=\"512\" height=\"237\" srcset=\"https:\/\/flensrekord.de\/wp-content\/uploads\/2020\/06\/20200607_122137-1024x474.jpg 1024w, https:\/\/flensrekord.de\/wp-content\/uploads\/2020\/06\/20200607_122137-300x139.jpg 300w, https:\/\/flensrekord.de\/wp-content\/uploads\/2020\/06\/20200607_122137-768x355.jpg 768w, https:\/\/flensrekord.de\/wp-content\/uploads\/2020\/06\/20200607_122137-1536x710.jpg 1536w, https:\/\/flensrekord.de\/wp-content\/uploads\/2020\/06\/20200607_122137-2048x947.jpg 2048w\" sizes=\"(max-width: 512px) 100vw, 512px\" \/><figcaption>Ergebnis der Lackprobe<\/figcaption><\/figure><\/div>\n\n\n\n<p>Somit konnte ich dann mit der Farbe zu meinem guten Kollegen fahren, wo wir dann die Sch\u00f6nheitsreparatur in Angriff nehmen konnten. <\/p>\n\n\n\n<p>W\u00e4hrend wir dabei waren, wurde das Fahrzeug auch gleich von unten inspiziert. Schlie\u00dflich bin ich nun einige Kilometer gefahren und naja&#8230; wenn das Fahrzeug auf der B\u00fchne ist, wieso nicht gleich mal nachschauen. <\/p>\n\n\n\n<p>Wir konnten noch ein kleines Loch am Auspuff feststellen, welches durch ein paar gekonnte Schwei\u00dfpunkte wieder zugeschwei\u00dft werden konnte.<\/p>\n\n\n\n<div class=\"wp-block-image is-style-default\"><figure class=\"aligncenter size-large is-resized\"><img loading=\"lazy\" decoding=\"async\" src=\"http:\/\/flensrekord.de\/wp-content\/uploads\/2020\/06\/20190531_202538_IMG_2894-scaled-e1591525934261-1024x918.jpg\" alt=\"\" class=\"wp-image-186\" width=\"512\" height=\"459\" srcset=\"https:\/\/flensrekord.de\/wp-content\/uploads\/2020\/06\/20190531_202538_IMG_2894-scaled-e1591525934261-1024x918.jpg 1024w, https:\/\/flensrekord.de\/wp-content\/uploads\/2020\/06\/20190531_202538_IMG_2894-scaled-e1591525934261-300x269.jpg 300w, https:\/\/flensrekord.de\/wp-content\/uploads\/2020\/06\/20190531_202538_IMG_2894-scaled-e1591525934261-768x688.jpg 768w, https:\/\/flensrekord.de\/wp-content\/uploads\/2020\/06\/20190531_202538_IMG_2894-scaled-e1591525934261.jpg 1117w\" sizes=\"(max-width: 512px) 100vw, 512px\" \/><\/figure><\/div>\n\n\n\n<p>Der Auspuff war schnell geschwei\u00dft und die Roststelle wurde fachm\u00e4nnisch bearbeitet, lackiert, versiegelt und hat Zeit zum Trocknen bekommen.  <\/p>\n\n\n\n<p>Ich bin mit dem Ergebnis mehr als Zufrieden gewesen und freute mich dar\u00fcber, dass die Roststelle behoben ist. <\/p>\n\n\n\n<figure class=\"wp-block-gallery columns-2 is-cropped wp-block-gallery-1 is-layout-flex wp-block-gallery-is-layout-flex\"><ul class=\"blocks-gallery-grid\"><li class=\"blocks-gallery-item\"><figure><a href=\"http:\/\/flensrekord.de\/wp-content\/uploads\/2020\/06\/20181229_133549_IMG_2202-scaled-e1591522982901.jpg\"><img loading=\"lazy\" decoding=\"async\" width=\"1024\" height=\"768\" src=\"http:\/\/flensrekord.de\/wp-content\/uploads\/2020\/06\/20181229_133549_IMG_2202-scaled-e1591522982901-1024x768.jpg\" alt=\"\" data-id=\"173\" data-full-url=\"http:\/\/flensrekord.de\/wp-content\/uploads\/2020\/06\/20181229_133549_IMG_2202-scaled-e1591522982901.jpg\" data-link=\"http:\/\/flensrekord.de\/?attachment_id=173\" class=\"wp-image-173\" srcset=\"https:\/\/flensrekord.de\/wp-content\/uploads\/2020\/06\/20181229_133549_IMG_2202-scaled-e1591522982901-1024x768.jpg 1024w, https:\/\/flensrekord.de\/wp-content\/uploads\/2020\/06\/20181229_133549_IMG_2202-scaled-e1591522982901-300x225.jpg 300w, https:\/\/flensrekord.de\/wp-content\/uploads\/2020\/06\/20181229_133549_IMG_2202-scaled-e1591522982901-768x576.jpg 768w, https:\/\/flensrekord.de\/wp-content\/uploads\/2020\/06\/20181229_133549_IMG_2202-scaled-e1591522982901-1536x1152.jpg 1536w, https:\/\/flensrekord.de\/wp-content\/uploads\/2020\/06\/20181229_133549_IMG_2202-scaled-e1591522982901-2048x1536.jpg 2048w\" sizes=\"(max-width: 767px) 89vw, (max-width: 1000px) 54vw, (max-width: 1071px) 543px, 580px\" \/><\/a><figcaption class=\"blocks-gallery-item__caption\">Vorher<\/figcaption><\/figure><\/li><li class=\"blocks-gallery-item\"><figure><a href=\"http:\/\/flensrekord.de\/wp-content\/uploads\/2020\/06\/20190531_214410_IMG_2896-scaled.jpg\"><img loading=\"lazy\" decoding=\"async\" width=\"1024\" height=\"768\" src=\"http:\/\/flensrekord.de\/wp-content\/uploads\/2020\/06\/20190531_214410_IMG_2896-1024x768.jpg\" alt=\"\" data-id=\"184\" data-full-url=\"http:\/\/flensrekord.de\/wp-content\/uploads\/2020\/06\/20190531_214410_IMG_2896-scaled.jpg\" data-link=\"http:\/\/flensrekord.de\/?attachment_id=184\" class=\"wp-image-184\" srcset=\"https:\/\/flensrekord.de\/wp-content\/uploads\/2020\/06\/20190531_214410_IMG_2896-1024x768.jpg 1024w, https:\/\/flensrekord.de\/wp-content\/uploads\/2020\/06\/20190531_214410_IMG_2896-300x225.jpg 300w, https:\/\/flensrekord.de\/wp-content\/uploads\/2020\/06\/20190531_214410_IMG_2896-768x576.jpg 768w, https:\/\/flensrekord.de\/wp-content\/uploads\/2020\/06\/20190531_214410_IMG_2896-1536x1152.jpg 1536w, https:\/\/flensrekord.de\/wp-content\/uploads\/2020\/06\/20190531_214410_IMG_2896-2048x1536.jpg 2048w\" sizes=\"(max-width: 767px) 89vw, (max-width: 1000px) 54vw, (max-width: 1071px) 543px, 580px\" \/><\/a><figcaption class=\"blocks-gallery-item__caption\">Nachher<\/figcaption><\/figure><\/li><\/ul><figcaption class=\"blocks-gallery-caption\">Danke f\u00fcr eure Unterst\u00fctzung!<\/figcaption><\/figure>\n\n\n\n<p>Rost wird haupts\u00e4chlich verursacht durch einen schlechten Hohlraumschutz. Deswegen haben wir an dieser Stelle gleich mit einer Hohlraumversiegelung von Mike Sanders vorgesorgt und somit hoffe ich, dass ich erstmal etwas Zeit an der Sto\u00dfstange gewinnen konnte. Eine Hohlraumversiegelung f\u00fcr das komplette Auto ist noch geplant. <\/p>\n\n\n\n<p>Danke f\u00fcr eure Unterst\u00fctzung! Ohne euch w\u00e4re ich aufgeschmissen gewesen. <\/p>\n\n\n\n<p><a href=\"https:\/\/flensrekord.de\/?page_id=194\">Hier geht&#8217;s zur Reparatur der Wasserpumpe.<\/a><\/p>\n","protected":false},"excerpt":{"rendered":"<p>2019 war auch das Jahr der Sch\u00f6nheitsreparaturen. Beim Autowaschen stellte ich an der hinteren Sto\u00dfstange leichte Rostblasen fest und hoffte, dass es nur Rost an der Oberfl\u00e4che sei&#8230; Leider durfte ich feststellen, dass der Rost sich bereits durch das Blech gefressen hatte. Da ich kein gro\u00dfer Freund von Spachteln bin, habe ich mich entschlossen einen &hellip; <\/p>\n<p class=\"link-more\"><a href=\"https:\/\/flensrekord.de\/?page_id=180\" class=\"more-link\"><span class=\"screen-reader-text\">\u201eErstes Rostproblem\u201c<\/span> weiterlesen<\/a><\/p>\n","protected":false},"author":1,"featured_media":0,"parent":0,"menu_order":0,"comment_status":"open","ping_status":"closed","template":"","meta":{"footnotes":""},"_links":{"self":[{"href":"https:\/\/flensrekord.de\/index.php?rest_route=\/wp\/v2\/pages\/180"}],"collection":[{"href":"https:\/\/flensrekord.de\/index.php?rest_route=\/wp\/v2\/pages"}],"about":[{"href":"https:\/\/flensrekord.de\/index.php?rest_route=\/wp\/v2\/types\/page"}],"author":[{"embeddable":true,"href":"https:\/\/flensrekord.de\/index.php?rest_route=\/wp\/v2\/users\/1"}],"replies":[{"embeddable":true,"href":"https:\/\/flensrekord.de\/index.php?rest_route=%2Fwp%2Fv2%2Fcomments&post=180"}],"version-history":[{"count":10,"href":"https:\/\/flensrekord.de\/index.php?rest_route=\/wp\/v2\/pages\/180\/revisions"}],"predecessor-version":[{"id":251,"href":"https:\/\/flensrekord.de\/index.php?rest_route=\/wp\/v2\/pages\/180\/revisions\/251"}],"wp:attachment":[{"href":"https:\/\/flensrekord.de\/index.php?rest_route=%2Fwp%2Fv2%2Fmedia&parent=180"}],"curies":[{"name":"wp","href":"https:\/\/api.w.org\/{rel}","templated":true}]}}