{"id":194,"date":"2020-06-07T10:47:40","date_gmt":"2020-06-07T10:47:40","guid":{"rendered":"http:\/\/flensrekord.de\/?page_id=194"},"modified":"2020-06-12T18:30:04","modified_gmt":"2020-06-12T18:30:04","slug":"tausch-der-wasserpumpe","status":"publish","type":"page","link":"https:\/\/flensrekord.de\/?page_id=194","title":{"rendered":"Tausch der Wasserpumpe"},"content":{"rendered":"\n<p>Bei dieser Reparatur gibt es eine kleine Vorgeschichte, die ich gerne noch erz\u00e4hlen m\u00f6chte. <\/p>\n\n\n\n<p>Im Sommer 2019 bin ich das erste Mal mit dem Fahrzeug von Flensburg in meine Heimatstadt gefahren. Die 400km Autobahn waren zwar nicht so spannend, daf\u00fcr aber die Ankunft in der Heimat. Hier ist n\u00e4mlich der Wunsch nach einem Oldtimer entstanden. <\/p>\n\n\n\n<p>Alles begann etwa 2014 \/ 2015. Ich durfte einen guten Freund begleiten, der auf dem Weg war eine BMW Isetta zu kaufen. Wir haben uns einen kleinen Anh\u00e4nger mit Aufbau gemietet und sind losgefahren&#8230; Ich wusste zu dem Zeitpunkt nicht, dass wir im Grunde nur mehrere Kisten mit Einzelteilen und ein Chassi abholen&#8230; <\/p>\n\n\n\n<p>Sein Projekt war es also, die Isetta komplett neu aufzubauen. Dadurch konnte er sich ein enormes Fachwissen in den Bereichen Motor und Technik, Karosseriebau und auch im Zusammenspiel von Komponenten aufbauen. <\/p>\n\n\n\n<p>Da ich nun das erste Mal mit dem Rekord in der Heimat war, war ich nat\u00fcrlich sehr auf seine Meinung gespannt. Also hingefahren, ihn abgeholt und erstmal eine Runde gedreht. Schnell wurde mir klar, er ist auf &#8220;Fehlersuche&#8221;. Ein Ger\u00e4usch, welches ihm w\u00e4hrend der Fahrt aufgefallen ist, konnte er nicht ganz zuordnen. <\/p>\n\n\n\n<p>Also schnell rechts an die Seite gefahren und die Motorhaube ge\u00f6ffnet.  Ein kurzer Blick reichte und er konnte mir sagen, dass die Wasserpumpe lose an der Riemenscheibe sitzt. Dies konnte er mir auch schnell zeigen und erkl\u00e4rte mir, wo das Problem liegt und dass diese schnell zu tauschen ist. <\/p>\n\n\n\n<p>Die&nbsp;Wasserpumpe&nbsp;ist f\u00fcr den unterbrechungsfreien K\u00fchlkreislauf im Auto verantwortlich. Sie transportiert die erhitzte K\u00fchlfl\u00fcssigkeit aus dem Motorblock zum K\u00fchler und das abgek\u00fchlte K\u00fchlwasser zur\u00fcck in den Motor.<\/p>\n\n\n\n<p>In Flensburg angekommen konnte ich schnell beim lokal angesiedelten Teileh\u00e4ndler, <a rel=\"noreferrer noopener\" href=\"https:\/\/www.matz-autoteile.de\/www\/index.php\" target=\"_blank\">Matz Autoteile<\/a>, eine passende Wasserpumpe + Dichtung f\u00fcr den Rekord erwerben.<\/p>\n\n\n\n<p>Sofern m\u00f6glich kaufe ich alle meine Teile bei Matz Autoteile. Fachlich kompetent und immer hilfsbereit bei Fragen &#8211; bei meinem gef\u00e4hrlichen Halbwissen sehr wertvoll. So habe ich mal eine Zylinderkopfdichtung gekauft, obwohl ich &#8220;nur&#8221; eine Ventildeckeldichtung brauchte.  Fehler erkannt, kurz angerufen und konnte das Teil problemlos tauschen. Ich kann Matz Autoteile w\u00e4rmstens empfehlen und bin sehr froh dar\u00fcber, dass ich diesen Kontakt vor Ort habe. <\/p>\n\n\n\n<p>Kommen wir zum eigentlichen Thema. Ich hatte also nun die ben\u00f6tigten Teile und machte mich in meiner einfachen Garage an die Reparatur. <\/p>\n\n\n\n<p>Die Wasserpumpe sitzt an der Riemenscheibe, die wiederum an der Kurbelwelle sitzt. Die Aufgabe bestand also darin, die Wasserpumpe zu l\u00f6sen, ohne die Riemenscheibe abbauen zu m\u00fcssen. Sobald die Kurbelwelle in Gang kommt, bewegt sich n\u00e4mlich das Auto.<\/p>\n\n\n\n<p>Aber erstmal Schritt f\u00fcr Schritt&#8230; <\/p>\n\n\n\n<p>Schnell den L\u00fcfter ausgebaut und das Entfernen des Riemens war ebenfalls kein Problem. Danach musste ich mir erstmal eine L\u00f6sung einfallen lassen, wie ich das ganze K\u00fchlwasser auffangen sollte. Ich entschied mich f\u00fcr eine selbstgebaute, tiefe Wanne, die ich unters Auto schieben konnte. <\/p>\n\n\n\n<p>Nachdem ich die ersten Schl\u00e4uche vom K\u00fchlkreislauf abgezogen habe, sollte ich feststellen, dass die Wanne nicht ganz richtig lag und konnte das Wasser nicht vollst\u00e4ndig auffangen. Immerhin lag ein saugf\u00e4higer Teppich drunter, der eh entsorgt werden sollte.<\/p>\n\n\n\n<p>Es war auch nicht m\u00f6glich, alle Schrauben der Wasserpumpe zu l\u00f6sen, ohne die Riemenscheibe zu entfernen.<\/p>\n\n\n\n<div class=\"wp-block-image\"><figure class=\"aligncenter size-large is-resized\"><img loading=\"lazy\" decoding=\"async\" src=\"http:\/\/flensrekord.de\/wp-content\/uploads\/2020\/06\/20190612_112755_2259A7C9-58A4-4391-8659-42B1B2C58534-576x1024.jpg\" alt=\"\" class=\"wp-image-182\" width=\"522\" height=\"928\" srcset=\"https:\/\/flensrekord.de\/wp-content\/uploads\/2020\/06\/20190612_112755_2259A7C9-58A4-4391-8659-42B1B2C58534-576x1024.jpg 576w, https:\/\/flensrekord.de\/wp-content\/uploads\/2020\/06\/20190612_112755_2259A7C9-58A4-4391-8659-42B1B2C58534-169x300.jpg 169w, https:\/\/flensrekord.de\/wp-content\/uploads\/2020\/06\/20190612_112755_2259A7C9-58A4-4391-8659-42B1B2C58534-768x1365.jpg 768w, https:\/\/flensrekord.de\/wp-content\/uploads\/2020\/06\/20190612_112755_2259A7C9-58A4-4391-8659-42B1B2C58534-865x1536.jpg 865w, https:\/\/flensrekord.de\/wp-content\/uploads\/2020\/06\/20190612_112755_2259A7C9-58A4-4391-8659-42B1B2C58534-1153x2048.jpg 1153w, https:\/\/flensrekord.de\/wp-content\/uploads\/2020\/06\/20190612_112755_2259A7C9-58A4-4391-8659-42B1B2C58534-scaled.jpg 1441w\" sizes=\"(max-width: 522px) 100vw, 522px\" \/><figcaption>Ordentlich Platz, aber die Riemenscheibe sitzt im Weg.<\/figcaption><\/figure><\/div>\n\n\n\n<p>Ich setze also die Knarre an die Schraube der Riemenscheibe und fing an zu drehen. Ich hab mich auch nur dezent erschrocken, als sich das Auto dann nach vorne bewegte. <br>Also musste ich die Riemenscheibe so blockieren, dass ich die Schraube l\u00f6sen konnte. Alleine und nur mit einer Hand an der Scheibe konnte ich die Riemenscheibe nicht so stark fixieren, dass sich die verrostete Schraube l\u00f6ste. <\/p>\n\n\n\n<p>Da ich beim H\u00e4ndler des Vertrauens auch gleich einen neuen Riemen kaufte, habe ich den alten Riemen um die Riemenscheibe gelegt und so lange in sich verdreht, bis ich genug Widerstand erzeugt hatte, dass ich die Riemenscheibe damit blockieren konnte.  <\/p>\n\n\n\n<p>Jackpott. Die Schraube an der Riemenscheibe lie\u00df sich endlich l\u00f6sen und ich konnte die Riemenscheibe abbauen, damit ich nun auch die letzten Schrauben der Wasserpumpe entfernen konnte. <\/p>\n\n\n\n<p>Noch schnell die alte Dichtung abgekratzt und alles sauber gemacht. Die neue Dichtung mit etwas Dichtmittel vorbereitet, die Wasserpumpe mit neuer Dichtung angebracht und alle Schrauben wieder eingesetzt. Nachdem ich die untere Riemenscheibe angebracht und den neuen Riemen gespannt habe, konnte ich alle Schl\u00e4uche wieder anbringen und das K\u00fchlwasser auff\u00fcllen. <br>Nun erstmal eine ordentliche Probefahrt durchgef\u00fchrt, wo ich den K\u00fchlwasserkreislauf mehrfach entl\u00fcften musste. Als sich der Kreislauf endlich selbst \u00f6ffnete, viel mir ein Stein vom Herzen. Scheinbar habe ich alles richtig gemacht: Das st\u00f6rende Ger\u00e4usch, welches ich zu Beginn erw\u00e4hnte, war weg und das K\u00fchlwasser erf\u00fcllte seinen Zweck. Reparatur erfolgreich durchgef\u00fchrt. <\/p>\n","protected":false},"excerpt":{"rendered":"<p>Bei dieser Reparatur gibt es eine kleine Vorgeschichte, die ich gerne noch erz\u00e4hlen m\u00f6chte. Im Sommer 2019 bin ich das erste Mal mit dem Fahrzeug von Flensburg in meine Heimatstadt gefahren. Die 400km Autobahn waren zwar nicht so spannend, daf\u00fcr aber die Ankunft in der Heimat. Hier ist n\u00e4mlich der Wunsch nach einem Oldtimer entstanden. &hellip; <\/p>\n<p class=\"link-more\"><a href=\"https:\/\/flensrekord.de\/?page_id=194\" class=\"more-link\"><span class=\"screen-reader-text\">\u201eTausch der Wasserpumpe\u201c<\/span> weiterlesen<\/a><\/p>\n","protected":false},"author":1,"featured_media":0,"parent":0,"menu_order":0,"comment_status":"open","ping_status":"closed","template":"","meta":{"footnotes":""},"_links":{"self":[{"href":"https:\/\/flensrekord.de\/index.php?rest_route=\/wp\/v2\/pages\/194"}],"collection":[{"href":"https:\/\/flensrekord.de\/index.php?rest_route=\/wp\/v2\/pages"}],"about":[{"href":"https:\/\/flensrekord.de\/index.php?rest_route=\/wp\/v2\/types\/page"}],"author":[{"embeddable":true,"href":"https:\/\/flensrekord.de\/index.php?rest_route=\/wp\/v2\/users\/1"}],"replies":[{"embeddable":true,"href":"https:\/\/flensrekord.de\/index.php?rest_route=%2Fwp%2Fv2%2Fcomments&post=194"}],"version-history":[{"count":12,"href":"https:\/\/flensrekord.de\/index.php?rest_route=\/wp\/v2\/pages\/194\/revisions"}],"predecessor-version":[{"id":240,"href":"https:\/\/flensrekord.de\/index.php?rest_route=\/wp\/v2\/pages\/194\/revisions\/240"}],"wp:attachment":[{"href":"https:\/\/flensrekord.de\/index.php?rest_route=%2Fwp%2Fv2%2Fmedia&parent=194"}],"curies":[{"name":"wp","href":"https:\/\/api.w.org\/{rel}","templated":true}]}}