{"id":314,"date":"2020-08-23T13:09:38","date_gmt":"2020-08-23T13:09:38","guid":{"rendered":"http:\/\/flensrekord.de\/?page_id=314"},"modified":"2020-08-23T15:32:25","modified_gmt":"2020-08-23T15:32:25","slug":"drehzahl-im-leerlauf-nicht-unter-2000rpm","status":"publish","type":"page","link":"https:\/\/flensrekord.de\/?page_id=314","title":{"rendered":"Drehzahl im Leerlauf nicht unter 2000rpm"},"content":{"rendered":"\n<p>Anfang M\u00e4rz habe ich das Problem gehabt, dass das Auto zwar direkt ansprang, aber vom Drehzahlbereich nie unter 2000rpm lief sondern eher dazu neigte, die Drehzahl immer weiter zu erh\u00f6hen. <\/p>\n\n\n\n<p>Ich habe mich im Internet begelesen und konnte so aber keinen Beitrag oder anderen Fahrer finden, der das gleiche Problem hatte. <\/p>\n\n\n\n<p>Ich habe alles \u00fcberpr\u00fcft und hatte den Vergaser in verdacht genommen. Somit ab zu meinem Schwager und die Unterdruckschl\u00e4uche des Vergasers gepr\u00fcft und siehe da&#8230; Fehlanzeige. <\/p>\n\n\n\n<p>Alle Schl\u00e4uche und auch der Vergaser war in Ordnung. Das Problem war immer noch da. Auch wenn das Auto richtig warm gefahren war, ging die Drehzahl im Leerlauf nicht unter 2000rpm. Wenn ich das Auto, egal in welchem Gang, gefahren habe, war die Drehzahl wieder normal.  <\/p>\n\n\n\n<p>Eine Idee hatte ich noch&#8230; Ich habe einen Eintrag in einem Opel-Forum geschrieben, wo ich schon etwas l\u00e4nger angemeldet bin. Hier tummeln sich Experten f\u00fcr Rekord und Commodore. Wahre Helfer f\u00fcr alle Fragen, zu denen ich keine Antwort finde. Somit habe ich einen <a rel=\"noreferrer noopener\" href=\"http:\/\/www.commodore-b.com\/wbbx\/thread.php?threadid=11354&amp;sid=5484099c9991823e7d21850da63dbd62\" target=\"_blank\">Beitrag <\/a>erstellt und konnte hier schnell eine kompetente Antwort finden. <\/p>\n\n\n\n<div class=\"wp-block-image\"><figure class=\"aligncenter size-large is-resized\"><img loading=\"lazy\" decoding=\"async\" src=\"http:\/\/flensrekord.de\/wp-content\/uploads\/2020\/08\/20200520_180834-1024x768.jpg\" alt=\"\" class=\"wp-image-296\" width=\"569\" height=\"426\" srcset=\"https:\/\/flensrekord.de\/wp-content\/uploads\/2020\/08\/20200520_180834-1024x768.jpg 1024w, https:\/\/flensrekord.de\/wp-content\/uploads\/2020\/08\/20200520_180834-300x225.jpg 300w, https:\/\/flensrekord.de\/wp-content\/uploads\/2020\/08\/20200520_180834-768x576.jpg 768w, https:\/\/flensrekord.de\/wp-content\/uploads\/2020\/08\/20200520_180834-1536x1152.jpg 1536w, https:\/\/flensrekord.de\/wp-content\/uploads\/2020\/08\/20200520_180834-2048x1536.jpg 2048w\" sizes=\"(max-width: 569px) 100vw, 569px\" \/><figcaption>Gaszug am Vergaser<\/figcaption><\/figure><\/div>\n\n\n\n<p>Das Problem war, dass der Gaszug im Laufe der Zeit etwas verdreckt war und, sobald ich Gas gegeben habe, konnte der Gaszug nicht in die korrekte Ausgangsposition zur\u00fcck gehen und hat die Umdrehung der Drehzahl immer h\u00f6her gedreht. <\/p>\n\n\n\n<p>Ich habe mit der Einstellung des Vergasers gerechnet und habe schon Experten in der N\u00e4he ausfindig gemacht, wo ich hinfahren k\u00f6nnte. Die L\u00f6sung war so einfach&#8230; Ich bin den Rat nachgegangen und habe ein Spr\u00fch\u00f6l auf PTFE Basis besorgt und habe damit den Gaszug, die Federn und Scharniere eingespr\u00fcht, habe es einwirken lassen und ich konnte meinen Ohren kaum glauben: Endlich hat sich der Drehzahlregler nach unten bewegt und das Auto schnurrte bei 800rpm im Leerlauf wie ein K\u00e4tzchen. <\/p>\n\n\n\n<p>Ich habe gelernt, dass Foren mega hilfreich sind, ich nicht alleine mit solchen Problemen bin und dass die L\u00f6sung nicht immer kompliziert ist. Danke ans Forum. <\/p>\n","protected":false},"excerpt":{"rendered":"<p>Anfang M\u00e4rz habe ich das Problem gehabt, dass das Auto zwar direkt ansprang, aber vom Drehzahlbereich nie unter 2000rpm lief sondern eher dazu neigte, die Drehzahl immer weiter zu erh\u00f6hen. Ich habe mich im Internet begelesen und konnte so aber keinen Beitrag oder anderen Fahrer finden, der das gleiche Problem hatte. Ich habe alles \u00fcberpr\u00fcft &hellip; <\/p>\n<p class=\"link-more\"><a href=\"https:\/\/flensrekord.de\/?page_id=314\" class=\"more-link\"><span class=\"screen-reader-text\">\u201eDrehzahl im Leerlauf nicht unter 2000rpm\u201c<\/span> weiterlesen<\/a><\/p>\n","protected":false},"author":1,"featured_media":0,"parent":0,"menu_order":0,"comment_status":"closed","ping_status":"closed","template":"","meta":{"footnotes":""},"_links":{"self":[{"href":"https:\/\/flensrekord.de\/index.php?rest_route=\/wp\/v2\/pages\/314"}],"collection":[{"href":"https:\/\/flensrekord.de\/index.php?rest_route=\/wp\/v2\/pages"}],"about":[{"href":"https:\/\/flensrekord.de\/index.php?rest_route=\/wp\/v2\/types\/page"}],"author":[{"embeddable":true,"href":"https:\/\/flensrekord.de\/index.php?rest_route=\/wp\/v2\/users\/1"}],"replies":[{"embeddable":true,"href":"https:\/\/flensrekord.de\/index.php?rest_route=%2Fwp%2Fv2%2Fcomments&post=314"}],"version-history":[{"count":5,"href":"https:\/\/flensrekord.de\/index.php?rest_route=\/wp\/v2\/pages\/314\/revisions"}],"predecessor-version":[{"id":323,"href":"https:\/\/flensrekord.de\/index.php?rest_route=\/wp\/v2\/pages\/314\/revisions\/323"}],"wp:attachment":[{"href":"https:\/\/flensrekord.de\/index.php?rest_route=%2Fwp%2Fv2%2Fmedia&parent=314"}],"curies":[{"name":"wp","href":"https:\/\/api.w.org\/{rel}","templated":true}]}}