{"id":329,"date":"2022-09-23T11:24:09","date_gmt":"2022-09-23T11:24:09","guid":{"rendered":"https:\/\/flensrekord.de\/?page_id=329"},"modified":"2022-09-23T11:27:03","modified_gmt":"2022-09-23T11:27:03","slug":"der-kotige-fluegel-rostprobleme-die-keiner-mag","status":"publish","type":"page","link":"https:\/\/flensrekord.de\/?page_id=329","title":{"rendered":"Der kotige Fl\u00fcgel &#8211; Rostprobleme die keiner mag!"},"content":{"rendered":"\n<p>Sein Auto einer intensiven Reinigung zu unterziehen, sorgt nicht nur daf\u00fcr, dass das Auto anschlie\u00dfend gut da steht, sondern auch, dass ich mein Auto mit jeder Macke kennenlernen durfte. Somit kann ich nur w\u00e4rmstens empfehlen, seinen Oldtimer mit der Hand zu waschen. <\/p>\n\n\n\n<p>Als ich die unteren Chrom-Zierleisten aufpolieren wollte, erkannte ich im vorderen linken Radlauf, dass sich dort Rost angesetzt hatte. Schnell Rostumwandler drauf, bisschen versiegeln und fertig &#8211; so mein Gedanke, der sich nicht bewahrheiten sollte. <\/p>\n\n\n\n<p>In meinem Forum wurde mir geraten die Chromleiste zu l\u00f6sen und zu schauen, ob sich da noch mehr Rost versteckt. Ja&#8230; danke&#8230; dass wars dann nun auch mit dem Auto &#8211; war zumindest mein erster Gedanke, als die Chromleiste gel\u00f6st war, da die nur aufgeklipst ist.<\/p>\n\n\n\n<figure class=\"wp-block-gallery has-nested-images columns-default is-cropped wp-block-gallery-1 is-layout-flex wp-block-gallery-is-layout-flex\">\n<figure class=\"wp-block-image size-large is-style-default\"><img decoding=\"async\" data-id=\"389\" src=\"http:\/\/flensrekord.de\/wp-content\/uploads\/2022\/09\/20200827_182725.jpg\" alt=\"\" class=\"wp-image-389\"\/><\/figure>\n\n\n\n<figure class=\"wp-block-image size-large\"><img loading=\"lazy\" decoding=\"async\" width=\"1600\" height=\"1200\" data-id=\"366\" src=\"http:\/\/flensrekord.de\/wp-content\/uploads\/2022\/09\/IMG-20200918-WA0007.jpg\" alt=\"\" class=\"wp-image-366\" srcset=\"https:\/\/flensrekord.de\/wp-content\/uploads\/2022\/09\/IMG-20200918-WA0007.jpg 1600w, https:\/\/flensrekord.de\/wp-content\/uploads\/2022\/09\/IMG-20200918-WA0007-300x225.jpg 300w, https:\/\/flensrekord.de\/wp-content\/uploads\/2022\/09\/IMG-20200918-WA0007-1024x768.jpg 1024w, https:\/\/flensrekord.de\/wp-content\/uploads\/2022\/09\/IMG-20200918-WA0007-768x576.jpg 768w, https:\/\/flensrekord.de\/wp-content\/uploads\/2022\/09\/IMG-20200918-WA0007-1536x1152.jpg 1536w\" sizes=\"(max-width: 767px) 89vw, (max-width: 1000px) 54vw, (max-width: 1071px) 543px, 580px\" \/><\/figure>\n\n\n\n<figure class=\"wp-block-image size-large\"><img loading=\"lazy\" decoding=\"async\" width=\"1600\" height=\"1200\" data-id=\"365\" src=\"http:\/\/flensrekord.de\/wp-content\/uploads\/2022\/09\/IMG-20200918-WA0006.jpg\" alt=\"\" class=\"wp-image-365\" srcset=\"https:\/\/flensrekord.de\/wp-content\/uploads\/2022\/09\/IMG-20200918-WA0006.jpg 1600w, https:\/\/flensrekord.de\/wp-content\/uploads\/2022\/09\/IMG-20200918-WA0006-300x225.jpg 300w, https:\/\/flensrekord.de\/wp-content\/uploads\/2022\/09\/IMG-20200918-WA0006-1024x768.jpg 1024w, https:\/\/flensrekord.de\/wp-content\/uploads\/2022\/09\/IMG-20200918-WA0006-768x576.jpg 768w, https:\/\/flensrekord.de\/wp-content\/uploads\/2022\/09\/IMG-20200918-WA0006-1536x1152.jpg 1536w\" sizes=\"(max-width: 767px) 89vw, (max-width: 1000px) 54vw, (max-width: 1071px) 543px, 580px\" \/><\/figure>\n\n\n\n<figure class=\"wp-block-image size-large\"><img loading=\"lazy\" decoding=\"async\" width=\"1600\" height=\"1200\" data-id=\"364\" src=\"http:\/\/flensrekord.de\/wp-content\/uploads\/2022\/09\/IMG-20200918-WA0005.jpg\" alt=\"\" class=\"wp-image-364\" srcset=\"https:\/\/flensrekord.de\/wp-content\/uploads\/2022\/09\/IMG-20200918-WA0005.jpg 1600w, https:\/\/flensrekord.de\/wp-content\/uploads\/2022\/09\/IMG-20200918-WA0005-300x225.jpg 300w, https:\/\/flensrekord.de\/wp-content\/uploads\/2022\/09\/IMG-20200918-WA0005-1024x768.jpg 1024w, https:\/\/flensrekord.de\/wp-content\/uploads\/2022\/09\/IMG-20200918-WA0005-768x576.jpg 768w, https:\/\/flensrekord.de\/wp-content\/uploads\/2022\/09\/IMG-20200918-WA0005-1536x1152.jpg 1536w\" sizes=\"(max-width: 767px) 89vw, (max-width: 1000px) 54vw, (max-width: 1071px) 543px, 580px\" \/><\/figure>\n<\/figure>\n\n\n\n<p>Ich durfte also feststellen, dass der Kotfl\u00fcgel an der unteren Aufnahme zur Korrosserie  durchgerostet ist und der Schweller links ebenfalls komplett durchgerostet ist. <\/p>\n\n\n\n<figure class=\"wp-block-gallery has-nested-images columns-default is-cropped wp-block-gallery-2 is-layout-flex wp-block-gallery-is-layout-flex\">\n<figure class=\"wp-block-image size-large\"><img loading=\"lazy\" decoding=\"async\" width=\"1600\" height=\"1200\" data-id=\"363\" src=\"http:\/\/flensrekord.de\/wp-content\/uploads\/2022\/09\/IMG-20200918-WA0004.jpg\" alt=\"\" class=\"wp-image-363\" srcset=\"https:\/\/flensrekord.de\/wp-content\/uploads\/2022\/09\/IMG-20200918-WA0004.jpg 1600w, https:\/\/flensrekord.de\/wp-content\/uploads\/2022\/09\/IMG-20200918-WA0004-300x225.jpg 300w, https:\/\/flensrekord.de\/wp-content\/uploads\/2022\/09\/IMG-20200918-WA0004-1024x768.jpg 1024w, https:\/\/flensrekord.de\/wp-content\/uploads\/2022\/09\/IMG-20200918-WA0004-768x576.jpg 768w, https:\/\/flensrekord.de\/wp-content\/uploads\/2022\/09\/IMG-20200918-WA0004-1536x1152.jpg 1536w\" sizes=\"(max-width: 767px) 89vw, (max-width: 1000px) 54vw, (max-width: 1071px) 543px, 580px\" \/><\/figure>\n<\/figure>\n\n\n\n<p>Ein Zustand, der daf\u00fcr sorgte, dass ich keine HU bestanden habe &#8211; misst!<\/p>\n\n\n\n<p>Fotos gemacht, an den Mechaniker meines Vertrauens geschickt und eine Reaktion bekommen, die mir schon den Gro\u00dfteil meiner Angst nehmen sollte. Er meinte im Grunde genommen nur &#8220;Ja denn man Teile besorgen und ab gehts.&#8221;<\/p>\n\n\n\n<p>Danke, das brauchte ich jetzt, um mich nicht ganz dem Chaos hinzugeben. Ich mich also direkt auf die Suche nach entsprechenden Teilen gemacht. Schweller war kein Problem. Da gibt es gute Repros, die ich bestellen konnte. <\/p>\n\n\n\n<p>Gefunden, bestellt und die Schwei\u00dfarbeiten konnten beginnen. Da ich hier keine gro\u00dfe Hilfe bin, habe ich mich weiter auf die Suche nach weiteren Teilen gemacht. <\/p>\n\n\n\n<figure class=\"wp-block-gallery has-nested-images columns-default is-cropped wp-block-gallery-3 is-layout-flex wp-block-gallery-is-layout-flex\">\n<figure class=\"wp-block-image size-large\"><img loading=\"lazy\" decoding=\"async\" width=\"1920\" height=\"2560\" data-id=\"376\" src=\"http:\/\/flensrekord.de\/wp-content\/uploads\/2022\/09\/20200914_101502-scaled.jpg\" alt=\"\" class=\"wp-image-376\" srcset=\"https:\/\/flensrekord.de\/wp-content\/uploads\/2022\/09\/20200914_101502-scaled.jpg 1920w, https:\/\/flensrekord.de\/wp-content\/uploads\/2022\/09\/20200914_101502-225x300.jpg 225w, https:\/\/flensrekord.de\/wp-content\/uploads\/2022\/09\/20200914_101502-768x1024.jpg 768w, https:\/\/flensrekord.de\/wp-content\/uploads\/2022\/09\/20200914_101502-1152x1536.jpg 1152w, https:\/\/flensrekord.de\/wp-content\/uploads\/2022\/09\/20200914_101502-1536x2048.jpg 1536w\" sizes=\"(max-width: 767px) 89vw, (max-width: 1000px) 54vw, (max-width: 1071px) 543px, 580px\" \/><\/figure>\n\n\n\n<figure class=\"wp-block-image size-large\"><img loading=\"lazy\" decoding=\"async\" width=\"900\" height=\"1600\" data-id=\"370\" src=\"http:\/\/flensrekord.de\/wp-content\/uploads\/2022\/09\/IMG-20210421-WA0000.jpg\" alt=\"\" class=\"wp-image-370\" srcset=\"https:\/\/flensrekord.de\/wp-content\/uploads\/2022\/09\/IMG-20210421-WA0000.jpg 900w, https:\/\/flensrekord.de\/wp-content\/uploads\/2022\/09\/IMG-20210421-WA0000-169x300.jpg 169w, https:\/\/flensrekord.de\/wp-content\/uploads\/2022\/09\/IMG-20210421-WA0000-576x1024.jpg 576w, https:\/\/flensrekord.de\/wp-content\/uploads\/2022\/09\/IMG-20210421-WA0000-768x1365.jpg 768w, https:\/\/flensrekord.de\/wp-content\/uploads\/2022\/09\/IMG-20210421-WA0000-864x1536.jpg 864w\" sizes=\"(max-width: 767px) 89vw, (max-width: 1000px) 54vw, (max-width: 1071px) 543px, 580px\" \/><\/figure>\n\n\n\n<figure class=\"wp-block-image size-large\"><img loading=\"lazy\" decoding=\"async\" width=\"1200\" height=\"1600\" data-id=\"371\" src=\"http:\/\/flensrekord.de\/wp-content\/uploads\/2022\/09\/IMG-20210421-WA0002.jpg\" alt=\"\" class=\"wp-image-371\" srcset=\"https:\/\/flensrekord.de\/wp-content\/uploads\/2022\/09\/IMG-20210421-WA0002.jpg 1200w, https:\/\/flensrekord.de\/wp-content\/uploads\/2022\/09\/IMG-20210421-WA0002-225x300.jpg 225w, https:\/\/flensrekord.de\/wp-content\/uploads\/2022\/09\/IMG-20210421-WA0002-768x1024.jpg 768w, https:\/\/flensrekord.de\/wp-content\/uploads\/2022\/09\/IMG-20210421-WA0002-1152x1536.jpg 1152w\" sizes=\"(max-width: 767px) 89vw, (max-width: 1000px) 54vw, (max-width: 1071px) 543px, 580px\" \/><\/figure>\n\n\n\n<figure class=\"wp-block-image size-large\"><img loading=\"lazy\" decoding=\"async\" width=\"1600\" height=\"1200\" data-id=\"372\" src=\"http:\/\/flensrekord.de\/wp-content\/uploads\/2022\/09\/IMG-20210421-WA0003.jpg\" alt=\"\" class=\"wp-image-372\" srcset=\"https:\/\/flensrekord.de\/wp-content\/uploads\/2022\/09\/IMG-20210421-WA0003.jpg 1600w, https:\/\/flensrekord.de\/wp-content\/uploads\/2022\/09\/IMG-20210421-WA0003-300x225.jpg 300w, https:\/\/flensrekord.de\/wp-content\/uploads\/2022\/09\/IMG-20210421-WA0003-1024x768.jpg 1024w, https:\/\/flensrekord.de\/wp-content\/uploads\/2022\/09\/IMG-20210421-WA0003-768x576.jpg 768w, https:\/\/flensrekord.de\/wp-content\/uploads\/2022\/09\/IMG-20210421-WA0003-1536x1152.jpg 1536w\" sizes=\"(max-width: 767px) 89vw, (max-width: 1000px) 54vw, (max-width: 1071px) 543px, 580px\" \/><\/figure>\n\n\n\n<figure class=\"wp-block-image size-large\"><img loading=\"lazy\" decoding=\"async\" width=\"1600\" height=\"1200\" data-id=\"373\" src=\"http:\/\/flensrekord.de\/wp-content\/uploads\/2022\/09\/IMG-20210421-WA0004.jpg\" alt=\"\" class=\"wp-image-373\" srcset=\"https:\/\/flensrekord.de\/wp-content\/uploads\/2022\/09\/IMG-20210421-WA0004.jpg 1600w, https:\/\/flensrekord.de\/wp-content\/uploads\/2022\/09\/IMG-20210421-WA0004-300x225.jpg 300w, https:\/\/flensrekord.de\/wp-content\/uploads\/2022\/09\/IMG-20210421-WA0004-1024x768.jpg 1024w, https:\/\/flensrekord.de\/wp-content\/uploads\/2022\/09\/IMG-20210421-WA0004-768x576.jpg 768w, https:\/\/flensrekord.de\/wp-content\/uploads\/2022\/09\/IMG-20210421-WA0004-1536x1152.jpg 1536w\" sizes=\"(max-width: 767px) 89vw, (max-width: 1000px) 54vw, (max-width: 1071px) 543px, 580px\" \/><\/figure>\n\n\n\n<figure class=\"wp-block-image size-large\"><img loading=\"lazy\" decoding=\"async\" width=\"1024\" height=\"768\" data-id=\"369\" src=\"http:\/\/flensrekord.de\/wp-content\/uploads\/2022\/09\/IMG-20210403-WA0003.jpg\" alt=\"\" class=\"wp-image-369\" srcset=\"https:\/\/flensrekord.de\/wp-content\/uploads\/2022\/09\/IMG-20210403-WA0003.jpg 1024w, https:\/\/flensrekord.de\/wp-content\/uploads\/2022\/09\/IMG-20210403-WA0003-300x225.jpg 300w, https:\/\/flensrekord.de\/wp-content\/uploads\/2022\/09\/IMG-20210403-WA0003-768x576.jpg 768w\" sizes=\"(max-width: 767px) 89vw, (max-width: 1000px) 54vw, (max-width: 1071px) 543px, 580px\" \/><\/figure>\n\n\n\n<figure class=\"wp-block-image size-large\"><img loading=\"lazy\" decoding=\"async\" width=\"1200\" height=\"1600\" data-id=\"374\" src=\"http:\/\/flensrekord.de\/wp-content\/uploads\/2022\/09\/IMG-20210422-WA0010.jpg\" alt=\"\" class=\"wp-image-374\" srcset=\"https:\/\/flensrekord.de\/wp-content\/uploads\/2022\/09\/IMG-20210422-WA0010.jpg 1200w, https:\/\/flensrekord.de\/wp-content\/uploads\/2022\/09\/IMG-20210422-WA0010-225x300.jpg 225w, https:\/\/flensrekord.de\/wp-content\/uploads\/2022\/09\/IMG-20210422-WA0010-768x1024.jpg 768w, https:\/\/flensrekord.de\/wp-content\/uploads\/2022\/09\/IMG-20210422-WA0010-1152x1536.jpg 1152w\" sizes=\"(max-width: 767px) 89vw, (max-width: 1000px) 54vw, (max-width: 1071px) 543px, 580px\" \/><\/figure>\n\n\n\n<figure class=\"wp-block-image size-large\"><img loading=\"lazy\" decoding=\"async\" width=\"1024\" height=\"768\" data-id=\"368\" src=\"http:\/\/flensrekord.de\/wp-content\/uploads\/2022\/09\/IMG-20210403-WA0002.jpg\" alt=\"\" class=\"wp-image-368\" srcset=\"https:\/\/flensrekord.de\/wp-content\/uploads\/2022\/09\/IMG-20210403-WA0002.jpg 1024w, https:\/\/flensrekord.de\/wp-content\/uploads\/2022\/09\/IMG-20210403-WA0002-300x225.jpg 300w, https:\/\/flensrekord.de\/wp-content\/uploads\/2022\/09\/IMG-20210403-WA0002-768x576.jpg 768w\" sizes=\"(max-width: 767px) 89vw, (max-width: 1000px) 54vw, (max-width: 1071px) 543px, 580px\" \/><\/figure>\n<\/figure>\n\n\n\n<p>Alle Kleinteile, wie Klammern, Pins, Chromrahmen f\u00fcr den Scheinwerfer waren ebenfalls schnell gefunden. Aber der Kotfl\u00fcgel&#8230; puh&#8230; das war keine sch\u00f6ne Angelegenheit. In Foren erkundet, auf etwaige Plattformen f\u00fcr Gebrauchtes geforscht und auch H\u00e4ndler angerufen &#8211; entweder war gar nichts vorr\u00e4tig, oder mein durchgerosteter Kotfl\u00fcgel war in einem besseren Zustand als das, was mir angeboten wurde.<\/p>\n\n\n\n<p>Der erste erworbene Kotfl\u00fcgel sollte dann doch vorsichtshalber zum Eisstrahlen, damit ich nicht nach einem Jahr eine weitere b\u00f6se \u00dcberraschung erlebe &#8211; f\u00fcr diesen Hinweis bin ich meinen Mechaniker des Vertrauens ebenfalls sehr dankbar! Der Kotfl\u00fcgel war so hin\u00fcber, da brauchte ich gar nicht \u00fcberlegen, diesen anzubringen &#8211; den Kotfl\u00fcgel findet man nun aufen Schrottplatz.<\/p>\n\n\n\n<p>Nach einer weiteren Entt\u00e4uschung, sollte es dann endlich der dritte Kotfl\u00fcgel werden. Guter Zustand, g\u00fcnstiger als die anderen zwei Entt\u00e4uschungen, jedoch in der falschen Farbe&#8230; also ab zum &#8220;Lacker&#8221; das Ding. Hier konnte ich wieder auf die <a href=\"https:\/\/www.weiss-lackierung.de\/\" target=\"_blank\" rel=\"noreferrer noopener\">Lackiererei Wei\u00df<\/a>  zur\u00fcckgreifen, die mir wieder mal ein absolut geniales Ergebnis lieferte. <\/p>\n\n\n\n<p>W\u00e4hrend ich meine Teile organisierte und die Lackiererei arbeitete, leistete mein Handwerker des Vertrauens eine grandiose Arbeit und sorgte daf\u00fcr, dass mein Auto wieder einen belastbaren Schweller bekommen hat &#8211; daf\u00fcr kann ich mich immer wieder nur bedanken. Das Auto wurde dann in die eigene Garage f\u00fcr den Zusammenbau geholt. Schweller sitzt, Kotfl\u00fcgel war lackiert und konnte angebracht werden. Nun noch alles anpassen, gleich eine Dose Hohlraumversiegelung eingearbeitet und dann alles fixiert und an Ort und Stelle gebracht. Mein Auto sah wieder schick aus. <\/p>\n\n\n\n<figure class=\"wp-block-gallery has-nested-images columns-default is-cropped wp-block-gallery-4 is-layout-flex wp-block-gallery-is-layout-flex\">\n<figure class=\"wp-block-image size-large\"><img loading=\"lazy\" decoding=\"async\" width=\"2560\" height=\"1440\" data-id=\"375\" src=\"http:\/\/flensrekord.de\/wp-content\/uploads\/2022\/09\/IMG-20210926-WA0000-scaled.jpeg\" alt=\"\" class=\"wp-image-375\" srcset=\"https:\/\/flensrekord.de\/wp-content\/uploads\/2022\/09\/IMG-20210926-WA0000-scaled.jpeg 2560w, https:\/\/flensrekord.de\/wp-content\/uploads\/2022\/09\/IMG-20210926-WA0000-300x169.jpeg 300w, https:\/\/flensrekord.de\/wp-content\/uploads\/2022\/09\/IMG-20210926-WA0000-1024x576.jpeg 1024w, https:\/\/flensrekord.de\/wp-content\/uploads\/2022\/09\/IMG-20210926-WA0000-768x432.jpeg 768w, https:\/\/flensrekord.de\/wp-content\/uploads\/2022\/09\/IMG-20210926-WA0000-1536x864.jpeg 1536w, https:\/\/flensrekord.de\/wp-content\/uploads\/2022\/09\/IMG-20210926-WA0000-2048x1152.jpeg 2048w\" sizes=\"(max-width: 767px) 89vw, (max-width: 1000px) 54vw, (max-width: 1071px) 543px, 580px\" \/><\/figure>\n\n\n\n<figure class=\"wp-block-image size-large\"><img loading=\"lazy\" decoding=\"async\" width=\"2560\" height=\"1920\" data-id=\"377\" src=\"http:\/\/flensrekord.de\/wp-content\/uploads\/2022\/09\/20220425_185342-scaled.jpg\" alt=\"\" class=\"wp-image-377\" srcset=\"https:\/\/flensrekord.de\/wp-content\/uploads\/2022\/09\/20220425_185342-scaled.jpg 2560w, https:\/\/flensrekord.de\/wp-content\/uploads\/2022\/09\/20220425_185342-300x225.jpg 300w, https:\/\/flensrekord.de\/wp-content\/uploads\/2022\/09\/20220425_185342-1024x768.jpg 1024w, https:\/\/flensrekord.de\/wp-content\/uploads\/2022\/09\/20220425_185342-768x576.jpg 768w, https:\/\/flensrekord.de\/wp-content\/uploads\/2022\/09\/20220425_185342-1536x1152.jpg 1536w, https:\/\/flensrekord.de\/wp-content\/uploads\/2022\/09\/20220425_185342-2048x1536.jpg 2048w\" sizes=\"(max-width: 767px) 89vw, (max-width: 1000px) 54vw, (max-width: 1071px) 543px, 580px\" \/><\/figure>\n\n\n\n<figure class=\"wp-block-image size-large\"><img loading=\"lazy\" decoding=\"async\" width=\"2560\" height=\"1920\" data-id=\"381\" src=\"http:\/\/flensrekord.de\/wp-content\/uploads\/2022\/09\/20220702_085509-scaled.jpg\" alt=\"\" class=\"wp-image-381\" srcset=\"https:\/\/flensrekord.de\/wp-content\/uploads\/2022\/09\/20220702_085509-scaled.jpg 2560w, https:\/\/flensrekord.de\/wp-content\/uploads\/2022\/09\/20220702_085509-300x225.jpg 300w, https:\/\/flensrekord.de\/wp-content\/uploads\/2022\/09\/20220702_085509-1024x768.jpg 1024w, https:\/\/flensrekord.de\/wp-content\/uploads\/2022\/09\/20220702_085509-768x576.jpg 768w, https:\/\/flensrekord.de\/wp-content\/uploads\/2022\/09\/20220702_085509-1536x1152.jpg 1536w, https:\/\/flensrekord.de\/wp-content\/uploads\/2022\/09\/20220702_085509-2048x1536.jpg 2048w\" sizes=\"(max-width: 767px) 89vw, (max-width: 1000px) 54vw, (max-width: 1071px) 543px, 580px\" \/><\/figure>\n<\/figure>\n\n\n\n<p>Aber&#8230; irgendwie fehlte da was. Na klar, der &#8220;Million\u00e4r&#8221; Schriftzug, der muss nat\u00fcrlich wieder dran. Hier konnte ich auf eine Druckerei im Ort zur\u00fcckgreifen, die vom originalen Kotfl\u00fcgel den Schriftzug kopieren konnten, diesen online zu finden, war einfach nicht m\u00f6glich. Auch dieses Problem war also schnell gel\u00f6st und mein Opel Rekord D war auf beiden Seiten wieder ein Million\u00e4r.<\/p>\n\n\n\n<p>Ich konnte nach den Reparaturen zum T\u00dcV fahren und habe auch die HU endlich bekommen. Ich durfte nach 1,5 Jahren &#8211; ja so lange hat das alles gedauert,  wieder mit dem bequemsten Auto fahren, das ich bis jetzt gefahren habe. Endlich&#8230;<\/p>\n\n\n\n<figure class=\"wp-block-gallery has-nested-images columns-default is-cropped wp-block-gallery-5 is-layout-flex wp-block-gallery-is-layout-flex\">\n<figure class=\"wp-block-image size-large\"><img loading=\"lazy\" decoding=\"async\" width=\"1920\" height=\"2560\" data-id=\"379\" src=\"http:\/\/flensrekord.de\/wp-content\/uploads\/2022\/09\/20220426_141447-scaled.jpg\" alt=\"\" class=\"wp-image-379\" srcset=\"https:\/\/flensrekord.de\/wp-content\/uploads\/2022\/09\/20220426_141447-scaled.jpg 1920w, https:\/\/flensrekord.de\/wp-content\/uploads\/2022\/09\/20220426_141447-225x300.jpg 225w, https:\/\/flensrekord.de\/wp-content\/uploads\/2022\/09\/20220426_141447-768x1024.jpg 768w, https:\/\/flensrekord.de\/wp-content\/uploads\/2022\/09\/20220426_141447-1152x1536.jpg 1152w, https:\/\/flensrekord.de\/wp-content\/uploads\/2022\/09\/20220426_141447-1536x2048.jpg 1536w\" sizes=\"(max-width: 767px) 89vw, (max-width: 1000px) 54vw, (max-width: 1071px) 543px, 580px\" \/><\/figure>\n\n\n\n<figure class=\"wp-block-image size-large\"><img loading=\"lazy\" decoding=\"async\" width=\"1920\" height=\"2560\" data-id=\"380\" src=\"http:\/\/flensrekord.de\/wp-content\/uploads\/2022\/09\/20220426_143734-scaled.jpg\" alt=\"\" class=\"wp-image-380\" srcset=\"https:\/\/flensrekord.de\/wp-content\/uploads\/2022\/09\/20220426_143734-scaled.jpg 1920w, https:\/\/flensrekord.de\/wp-content\/uploads\/2022\/09\/20220426_143734-225x300.jpg 225w, https:\/\/flensrekord.de\/wp-content\/uploads\/2022\/09\/20220426_143734-768x1024.jpg 768w, https:\/\/flensrekord.de\/wp-content\/uploads\/2022\/09\/20220426_143734-1152x1536.jpg 1152w, https:\/\/flensrekord.de\/wp-content\/uploads\/2022\/09\/20220426_143734-1536x2048.jpg 1536w\" sizes=\"(max-width: 767px) 89vw, (max-width: 1000px) 54vw, (max-width: 1071px) 543px, 580px\" \/><\/figure>\n<\/figure>\n","protected":false},"excerpt":{"rendered":"<p>Sein Auto einer intensiven Reinigung zu unterziehen, sorgt nicht nur daf\u00fcr, dass das Auto anschlie\u00dfend gut da steht, sondern auch, dass ich mein Auto mit jeder Macke kennenlernen durfte. Somit kann ich nur w\u00e4rmstens empfehlen, seinen Oldtimer mit der Hand zu waschen. Als ich die unteren Chrom-Zierleisten aufpolieren wollte, erkannte ich im vorderen linken Radlauf, &hellip; <\/p>\n<p class=\"link-more\"><a href=\"https:\/\/flensrekord.de\/?page_id=329\" class=\"more-link\"><span class=\"screen-reader-text\">\u201eDer kotige Fl\u00fcgel &#8211; Rostprobleme die keiner mag!\u201c<\/span> weiterlesen<\/a><\/p>\n","protected":false},"author":1,"featured_media":0,"parent":0,"menu_order":0,"comment_status":"closed","ping_status":"closed","template":"","meta":{"footnotes":""},"_links":{"self":[{"href":"https:\/\/flensrekord.de\/index.php?rest_route=\/wp\/v2\/pages\/329"}],"collection":[{"href":"https:\/\/flensrekord.de\/index.php?rest_route=\/wp\/v2\/pages"}],"about":[{"href":"https:\/\/flensrekord.de\/index.php?rest_route=\/wp\/v2\/types\/page"}],"author":[{"embeddable":true,"href":"https:\/\/flensrekord.de\/index.php?rest_route=\/wp\/v2\/users\/1"}],"replies":[{"embeddable":true,"href":"https:\/\/flensrekord.de\/index.php?rest_route=%2Fwp%2Fv2%2Fcomments&post=329"}],"version-history":[{"count":8,"href":"https:\/\/flensrekord.de\/index.php?rest_route=\/wp\/v2\/pages\/329\/revisions"}],"predecessor-version":[{"id":397,"href":"https:\/\/flensrekord.de\/index.php?rest_route=\/wp\/v2\/pages\/329\/revisions\/397"}],"wp:attachment":[{"href":"https:\/\/flensrekord.de\/index.php?rest_route=%2Fwp%2Fv2%2Fmedia&parent=329"}],"curies":[{"name":"wp","href":"https:\/\/api.w.org\/{rel}","templated":true}]}}