{"id":344,"date":"2022-09-23T10:01:32","date_gmt":"2022-09-23T10:01:32","guid":{"rendered":"https:\/\/flensrekord.de\/?page_id=344"},"modified":"2022-12-18T19:06:17","modified_gmt":"2022-12-18T19:06:17","slug":"einen-millionaer-als-hochzeitsauto","status":"publish","type":"page","link":"https:\/\/flensrekord.de\/?page_id=344","title":{"rendered":"Ein Million\u00e4r als Hochzeitsauto"},"content":{"rendered":"\n<p>Es gab bereits mehrere Anfragen, ob ich meinen Rekord auch als Hochzeitsauto zur Verf\u00fcgung stelle und kann dies mit einem klaren &#8220;Ja&#8221; beantworten.<\/p>\n\n\n\n<figure class=\"wp-block-image size-large\"><img loading=\"lazy\" decoding=\"async\" width=\"1024\" height=\"683\" src=\"https:\/\/flensrekord.de\/wp-content\/uploads\/2022\/09\/wedding-g0fa235978_1920-1024x683.jpg\" alt=\"\" class=\"wp-image-346\" srcset=\"https:\/\/flensrekord.de\/wp-content\/uploads\/2022\/09\/wedding-g0fa235978_1920-1024x683.jpg 1024w, https:\/\/flensrekord.de\/wp-content\/uploads\/2022\/09\/wedding-g0fa235978_1920-300x200.jpg 300w, https:\/\/flensrekord.de\/wp-content\/uploads\/2022\/09\/wedding-g0fa235978_1920-768x512.jpg 768w, https:\/\/flensrekord.de\/wp-content\/uploads\/2022\/09\/wedding-g0fa235978_1920-1536x1024.jpg 1536w, https:\/\/flensrekord.de\/wp-content\/uploads\/2022\/09\/wedding-g0fa235978_1920.jpg 1920w\" sizes=\"(max-width: 767px) 89vw, (max-width: 1000px) 54vw, (max-width: 1071px) 543px, 580px\" \/><\/figure>\n\n\n\n<p>Durch Corona entscheiden sich viele Brautpaare die Hochzeiten noch zu schieben, damit ordnungsgem\u00e4\u00df gefeiert werden kann &#8211; somit kann ich hier leider noch keine Bilder zeigen. Sofern Bilder vorhanden sind, folgen diese hier auf der Seite.<\/p>\n\n\n\n<p>Nat\u00fcrlich freue ich mich, wenn Interesse an meinem Auto besteht und ich auf der Hochzeit das Brautpaar fahren darf. Mir ist wichtig, dass jedem Brautpaar bewusst sein muss, dass es sich um ein Oldtimer handelt und es nat\u00fcrlich auch passieren kann, das wir liegen bleiben k\u00f6nnten &#8211; ich m\u00f6chte an dieser Stelle keine Angst streuen, sondern einfach nur ehrlich sein. Damit der sch\u00f6nste Tag des Brautpaares dadurch nicht ins Schwanken ger\u00e4t, w\u00e4re es also hilfreich, wenn von der Hochzeitsgesellschaft ein Begleitfahrzeug sicherhaltshalber hinter dem Brautpaar bleibt. Sicher ist sicher \ud83d\ude09 <\/p>\n\n\n\n<p>Wenn ihr Interesse habt, kontaktiert mich gerne \u00fcber die info@flensrekord.de &#8211; ich freue mich auf euch.<\/p>\n\n\n\n<p>Mein Service auf einen Blick:<\/p>\n\n\n\n<ul><li>aufpolierter und optisch gut dastehender Opel Rekord D Million\u00e4r inkl. Fahrer in entsprechender Kleidung<\/li><li>M\u00f6glichkeit das Fahrzeug mit Blumenschmuck zu versehen<\/li><li>M\u00f6glichkeit, mit dem Fahrzeug auch Hochzeitbilder zu machen<\/li><li>Gerne m\u00f6chte ich mich auf den Norden von Schleswig-Holstein fokussieren. Weitere Anreisen gerne vorher anfragen.<\/li><\/ul>\n\n\n\n<p>Nat\u00fcrlich l\u00e4sst sich alles weitere in einem pers\u00f6nlichen Gespr\u00e4ch kl\u00e4ren.<\/p>\n\n\n\n<p>Ich freue mich auf eure Anfrage \ud83d\ude42 <\/p>\n","protected":false},"excerpt":{"rendered":"<p>Es gab bereits mehrere Anfragen, ob ich meinen Rekord auch als Hochzeitsauto zur Verf\u00fcgung stelle und kann dies mit einem klaren &#8220;Ja&#8221; beantworten. Durch Corona entscheiden sich viele Brautpaare die Hochzeiten noch zu schieben, damit ordnungsgem\u00e4\u00df gefeiert werden kann &#8211; somit kann ich hier leider noch keine Bilder zeigen. Sofern Bilder vorhanden sind, folgen diese &hellip; <\/p>\n<p class=\"link-more\"><a href=\"https:\/\/flensrekord.de\/?page_id=344\" class=\"more-link\"><span class=\"screen-reader-text\">\u201eEin Million\u00e4r als Hochzeitsauto\u201c<\/span> weiterlesen<\/a><\/p>\n","protected":false},"author":1,"featured_media":0,"parent":0,"menu_order":0,"comment_status":"closed","ping_status":"closed","template":"","meta":{"footnotes":""},"_links":{"self":[{"href":"https:\/\/flensrekord.de\/index.php?rest_route=\/wp\/v2\/pages\/344"}],"collection":[{"href":"https:\/\/flensrekord.de\/index.php?rest_route=\/wp\/v2\/pages"}],"about":[{"href":"https:\/\/flensrekord.de\/index.php?rest_route=\/wp\/v2\/types\/page"}],"author":[{"embeddable":true,"href":"https:\/\/flensrekord.de\/index.php?rest_route=\/wp\/v2\/users\/1"}],"replies":[{"embeddable":true,"href":"https:\/\/flensrekord.de\/index.php?rest_route=%2Fwp%2Fv2%2Fcomments&post=344"}],"version-history":[{"count":8,"href":"https:\/\/flensrekord.de\/index.php?rest_route=\/wp\/v2\/pages\/344\/revisions"}],"predecessor-version":[{"id":404,"href":"https:\/\/flensrekord.de\/index.php?rest_route=\/wp\/v2\/pages\/344\/revisions\/404"}],"wp:attachment":[{"href":"https:\/\/flensrekord.de\/index.php?rest_route=%2Fwp%2Fv2%2Fmedia&parent=344"}],"curies":[{"name":"wp","href":"https:\/\/api.w.org\/{rel}","templated":true}]}}