{"id":48,"date":"2020-06-04T18:06:26","date_gmt":"2020-06-04T18:06:26","guid":{"rendered":"http:\/\/flensrekord.de\/?page_id=48"},"modified":"2022-09-23T10:24:23","modified_gmt":"2022-09-23T10:24:23","slug":"das-auto","status":"publish","type":"page","link":"https:\/\/flensrekord.de\/?page_id=48","title":{"rendered":"Das Auto"},"content":{"rendered":"\n<p>Hier erfahrt ihr alles \u00fcber das Auto. Navigiert einfach \u00fcber das Men\u00fc zum gew\u00fcnschten Abschnitt und klickt euch durch die Jahre.<\/p>\n\n\n\n<p>Ich w\u00fcnsche viel Spa\u00df beim Lesen.<\/p>\n\n\n\n<p>  <\/p>\n\n\n\n<p> <\/p>\n\n\n\n<p> <\/p>\n\n\n\n<ul><li><a href=\"https:\/\/flensrekord.de\/?page_id=57\">1976 &#8211; 2001<\/a><br><\/li><li><a href=\"https:\/\/flensrekord.de\/?page_id=66\">2001 &#8211; 2018<\/a><br><\/li><li><a href=\"https:\/\/flensrekord.de\/?page_id=92\">2019<\/a><ul><li><a href=\"https:\/\/flensrekord.de\/?page_id=194\">Tausch der Wasserpumpe<\/a><\/li><li><a href=\"https:\/\/flensrekord.de\/?page_id=279\">150 Jahre T\u00dcV NORD<\/a><\/li><li><a href=\"https:\/\/flensrekord.de\/?page_id=180\">Erstes Rostproblem<\/a><\/li><li> <a href=\"https:\/\/flensrekord.de\/?page_id=133\">17. Oldtimertreffen in Medelby<\/a><br><\/li><\/ul><\/li><li><a href=\"https:\/\/flensrekord.de\/?page_id=279\">2020<\/a><br><\/li><li><a href=\"https:\/\/flensrekord.de\/?page_id=325\">2021 &#8211; 2022<\/a><\/li><\/ul>\n","protected":false},"excerpt":{"rendered":"<p>Hier erfahrt ihr alles \u00fcber das Auto. Navigiert einfach \u00fcber das Men\u00fc zum gew\u00fcnschten Abschnitt und klickt euch durch die Jahre. Ich w\u00fcnsche viel Spa\u00df beim Lesen. 1976 &#8211; 2001 2001 &#8211; 2018 2019 Tausch der Wasserpumpe 150 Jahre T\u00dcV NORD Erstes Rostproblem 17. Oldtimertreffen in Medelby 2020 2021 &#8211; 2022<\/p>\n","protected":false},"author":1,"featured_media":0,"parent":0,"menu_order":0,"comment_status":"closed","ping_status":"closed","template":"","meta":{"footnotes":""},"_links":{"self":[{"href":"https:\/\/flensrekord.de\/index.php?rest_route=\/wp\/v2\/pages\/48"}],"collection":[{"href":"https:\/\/flensrekord.de\/index.php?rest_route=\/wp\/v2\/pages"}],"about":[{"href":"https:\/\/flensrekord.de\/index.php?rest_route=\/wp\/v2\/types\/page"}],"author":[{"embeddable":true,"href":"https:\/\/flensrekord.de\/index.php?rest_route=\/wp\/v2\/users\/1"}],"replies":[{"embeddable":true,"href":"https:\/\/flensrekord.de\/index.php?rest_route=%2Fwp%2Fv2%2Fcomments&post=48"}],"version-history":[{"count":16,"href":"https:\/\/flensrekord.de\/index.php?rest_route=\/wp\/v2\/pages\/48\/revisions"}],"predecessor-version":[{"id":359,"href":"https:\/\/flensrekord.de\/index.php?rest_route=\/wp\/v2\/pages\/48\/revisions\/359"}],"wp:attachment":[{"href":"https:\/\/flensrekord.de\/index.php?rest_route=%2Fwp%2Fv2%2Fmedia&parent=48"}],"curies":[{"name":"wp","href":"https:\/\/api.w.org\/{rel}","templated":true}]}}