{"id":57,"date":"2020-06-04T18:15:56","date_gmt":"2020-06-04T18:15:56","guid":{"rendered":"http:\/\/flensrekord.de\/?page_id=57"},"modified":"2020-06-07T09:04:21","modified_gmt":"2020-06-07T09:04:21","slug":"1976-2018","status":"publish","type":"page","link":"https:\/\/flensrekord.de\/?page_id=57","title":{"rendered":"1976 &#8211; 2001"},"content":{"rendered":"\n<p>1976 wurde das Fahrzeug von einer sehr netten Familie aus dem Kreis Pinneberg erworben. Der Besitzer, der dieses Fahrzeug als Neuwagen zu sich geholt hat, hat es immer nur bei sch\u00f6nem Wetter gefahren und gepflegt. Sobald es nach Regen aussah, wurde ein alternatives Fahrzeug genommen und der Opel ist in der trockenen Halle geblieben.<\/p>\n\n\n\n<p>Alles, was an dem Fahrzeug gemacht wurde, wurde sauber dokumentiert und alle Belege sorgf\u00e4ltig aufbewahrt, sodass jeder T\u00dcV-Bericht, jede AU und jeder Reparaturbeleg von 1976 bis 2001 aufbewahrt wurde und auch beim Kauf \u00fcbergeben wurde. Selbst das Scheckheft von Opel ist noch vorhanden und gepflegt.<\/p>\n\n\n\n<p>2001 wurde das Fahrzeug mit einem Kilometerstand von 36.338 stillgelegt. Vor der Stilllegung wurde am 06.06.2001 eine Abgasuntersuchung vorgenommen, die einen Kilometerstand von 36.297 notiert hat &#8211; auch dieser Beleg liegt vor.<\/p>\n\n\n\n<p><a href=\"https:\/\/flensrekord.de\/?page_id=66\">Hier gehts weiter mit dem Abschnitt 2001 &#8211; 2018.<\/a><\/p>\n","protected":false},"excerpt":{"rendered":"<p>1976 wurde das Fahrzeug von einer sehr netten Familie aus dem Kreis Pinneberg erworben. Der Besitzer, der dieses Fahrzeug als Neuwagen zu sich geholt hat, hat es immer nur bei sch\u00f6nem Wetter gefahren und gepflegt. Sobald es nach Regen aussah, wurde ein alternatives Fahrzeug genommen und der Opel ist in der trockenen Halle geblieben. Alles, &hellip; <\/p>\n<p class=\"link-more\"><a href=\"https:\/\/flensrekord.de\/?page_id=57\" class=\"more-link\"><span class=\"screen-reader-text\">\u201e1976 &#8211; 2001\u201c<\/span> weiterlesen<\/a><\/p>\n","protected":false},"author":1,"featured_media":0,"parent":0,"menu_order":0,"comment_status":"open","ping_status":"closed","template":"","meta":{"footnotes":""},"_links":{"self":[{"href":"https:\/\/flensrekord.de\/index.php?rest_route=\/wp\/v2\/pages\/57"}],"collection":[{"href":"https:\/\/flensrekord.de\/index.php?rest_route=\/wp\/v2\/pages"}],"about":[{"href":"https:\/\/flensrekord.de\/index.php?rest_route=\/wp\/v2\/types\/page"}],"author":[{"embeddable":true,"href":"https:\/\/flensrekord.de\/index.php?rest_route=\/wp\/v2\/users\/1"}],"replies":[{"embeddable":true,"href":"https:\/\/flensrekord.de\/index.php?rest_route=%2Fwp%2Fv2%2Fcomments&post=57"}],"version-history":[{"count":5,"href":"https:\/\/flensrekord.de\/index.php?rest_route=\/wp\/v2\/pages\/57\/revisions"}],"predecessor-version":[{"id":158,"href":"https:\/\/flensrekord.de\/index.php?rest_route=\/wp\/v2\/pages\/57\/revisions\/158"}],"wp:attachment":[{"href":"https:\/\/flensrekord.de\/index.php?rest_route=%2Fwp%2Fv2%2Fmedia&parent=57"}],"curies":[{"name":"wp","href":"https:\/\/api.w.org\/{rel}","templated":true}]}}